{"id":1001,"date":"2026-02-04T11:11:49","date_gmt":"2026-02-04T10:11:49","guid":{"rendered":"https:\/\/metallbau-uwe-albrecht.de\/blog\/?page_id=1001"},"modified":"2026-02-04T11:11:49","modified_gmt":"2026-02-04T10:11:49","slug":"faq","status":"publish","type":"page","link":"https:\/\/metallbau-uwe-albrecht.de\/blog\/faq\/","title":{"rendered":"FAQ"},"content":{"rendered":"<div id='av_section_1'  class='avia-section av-av_section-e4ef95e6d64daa5d43c9bd2540e73530 main_color avia-section-default avia-no-border-styling  avia-builder-el-0  avia-builder-el-no-sibling  avia-bg-style-scroll container_wrap fullsize'  ><div class='container av-section-cont-open' ><main  role=\"main\" itemprop=\"mainContentOfPage\"  class='template-page content  av-content-full alpha units'><div class='post-entry post-entry-type-page post-entry-1001'><div class='entry-content-wrapper clearfix'>\n<div  class='flex_column av-av_one_full-a2cef933b0a555f25d1e39b22a8e9dae av_one_full  avia-builder-el-1  el_before_av_one_half  avia-builder-el-first  first flex_column_div  '     ><style type=\"text\/css\" data-created_by=\"avia_inline_auto\" id=\"style-css-av-ml7v1hrv-9e66f3a65bd163572bce3f3c561bc4f1\">\n#top .av-special-heading.av-ml7v1hrv-9e66f3a65bd163572bce3f3c561bc4f1{\npadding-bottom:10px;\n}\nbody .av-special-heading.av-ml7v1hrv-9e66f3a65bd163572bce3f3c561bc4f1 .av-special-heading-tag .heading-char{\nfont-size:25px;\n}\n.av-special-heading.av-ml7v1hrv-9e66f3a65bd163572bce3f3c561bc4f1 .av-subheading{\nfont-size:15px;\n}\n<\/style>\n<div  class='av-special-heading av-ml7v1hrv-9e66f3a65bd163572bce3f3c561bc4f1 av-special-heading-h1 blockquote modern-quote modern-centered  avia-builder-el-2  avia-builder-el-no-sibling '><h1 class='av-special-heading-tag '  itemprop=\"headline\"  >FAQ<\/h1><div class='av-subheading av-subheading_below'><p>H\u00e4ufige Fragen<\/p>\n<\/div><div class=\"special-heading-border\"><div class=\"special-heading-inner-border\"><\/div><\/div><\/div><\/div><div  class='flex_column av-av_one_half-a2cef933b0a555f25d1e39b22a8e9dae av_one_half  avia-builder-el-3  el_after_av_one_full  el_before_av_one_half  first flex_column_div  column-top-margin'     ><style type=\"text\/css\" data-created_by=\"avia_inline_auto\" id=\"style-css-av-ml7v6668-e1526779afc159be3ab76a5554c98472\">\n#top .togglecontainer.av-ml7v6668-e1526779afc159be3ab76a5554c98472 p.toggler .toggle_icon{\ncolor:#b60738;\nborder-color:#b60738;\n}\n#top .togglecontainer.av-ml7v6668-e1526779afc159be3ab76a5554c98472 p.toggler .toggle_icon > span{\ncolor:#b60738;\nborder-color:#b60738;\n}\n<\/style>\n<div  class='togglecontainer av-ml7v6668-e1526779afc159be3ab76a5554c98472 av-elegant-toggle  avia-builder-el-4  avia-builder-el-no-sibling  toggle_close_all' >\n<section class='av_toggle_section av-ml7v4bj3-b682e39a8bc61b6c323ea159849e9672'  itemscope=\"itemscope\" itemtype=\"https:\/\/schema.org\/CreativeWork\" ><div role=\"tablist\" class=\"single_toggle\" data-tags=\"{Alle} \"  ><p id='toggle-toggle-id-1' data-fake-id='#toggle-id-1' class='toggler  av-title-above '  itemprop=\"headline\"  role='tab' tabindex='0' aria-controls='toggle-id-1' data-slide-speed=\"200\" data-title=\"Bietet Metallbau Uwe Albrecht ma\u00dfgefertigte Gartentore an?\" data-title-open=\"\" data-aria_collapsed=\"Click to expand: Bietet Metallbau Uwe Albrecht ma\u00dfgefertigte Gartentore an?\" data-aria_expanded=\"Click to collapse: Bietet Metallbau Uwe Albrecht ma\u00dfgefertigte Gartentore an?\">Bietet Metallbau Uwe Albrecht ma\u00dfgefertigte Gartentore an?<span class=\"toggle_icon\"><span class=\"vert_icon\"><\/span><span class=\"hor_icon\"><\/span><\/span><\/p><div id='toggle-id-1' aria-labelledby='toggle-toggle-id-1' role='region' class='toggle_wrap  av-title-above'  ><div class='toggle_content invers-color '  itemprop=\"text\" ><p>Ja, wir fertigen ma\u00dfgefertigte Gartentore, die individuell nach Ihren W\u00fcnschen und Anforderungen gestaltet werden. Unsere Tore sind robust und wetterbest\u00e4ndig, h\u00e4ufig aus verzinktem Stahl oder rostfreiem Edelstahl.<\/p>\n<\/div><\/div><\/div><\/section>\n<section class='av_toggle_section av-ml7v4i9t-488d7b43a1e145190e5a6f69389e354a'  itemscope=\"itemscope\" itemtype=\"https:\/\/schema.org\/CreativeWork\" ><div role=\"tablist\" class=\"single_toggle\" data-tags=\"{Alle} \"  ><p id='toggle-toggle-id-2' data-fake-id='#toggle-id-2' class='toggler  av-title-above '  itemprop=\"headline\"  role='tab' tabindex='0' aria-controls='toggle-id-2' data-slide-speed=\"200\" data-title=\"Welche Korrosionsschutz-Verfahren setzt Metallbau Uwe Albrecht bei Au\u00dfentreppen ein?\" data-title-open=\"\" data-aria_collapsed=\"Click to expand: Welche Korrosionsschutz-Verfahren setzt Metallbau Uwe Albrecht bei Au\u00dfentreppen ein?\" data-aria_expanded=\"Click to collapse: Welche Korrosionsschutz-Verfahren setzt Metallbau Uwe Albrecht bei Au\u00dfentreppen ein?\">Welche Korrosionsschutz-Verfahren setzt Metallbau Uwe Albrecht bei Au\u00dfentreppen ein?<span class=\"toggle_icon\"><span class=\"vert_icon\"><\/span><span class=\"hor_icon\"><\/span><\/span><\/p><div id='toggle-id-2' aria-labelledby='toggle-toggle-id-2' role='region' class='toggle_wrap  av-title-above'  ><div class='toggle_content invers-color '  itemprop=\"text\" ><p>F\u00fcr Au\u00dfentreppen verwenden wir g\u00e4ngige Korrosionsschutz-Verfahren wie Feuerverzinkung und Pulverbeschichtung. Diese sorgen f\u00fcr eine lange Lebensdauer und Witterungsbest\u00e4ndigkeit der Treppen.<\/p>\n<\/div><\/div><\/div><\/section>\n<section class='av_toggle_section av-ml7v4qwr-fafb63d5b975e91607040a2d2f928e06'  itemscope=\"itemscope\" itemtype=\"https:\/\/schema.org\/CreativeWork\" ><div role=\"tablist\" class=\"single_toggle\" data-tags=\"{Alle} \"  ><p id='toggle-toggle-id-3' data-fake-id='#toggle-id-3' class='toggler  av-title-above '  itemprop=\"headline\"  role='tab' tabindex='0' aria-controls='toggle-id-3' data-slide-speed=\"200\" data-title=\"Bietet Metallbau Uwe Albrecht pulverbeschichtete Oberfl\u00e4chen an und welche Farben sind verf\u00fcgbar?\" data-title-open=\"\" data-aria_collapsed=\"Click to expand: Bietet Metallbau Uwe Albrecht pulverbeschichtete Oberfl\u00e4chen an und welche Farben sind verf\u00fcgbar?\" data-aria_expanded=\"Click to collapse: Bietet Metallbau Uwe Albrecht pulverbeschichtete Oberfl\u00e4chen an und welche Farben sind verf\u00fcgbar?\">Bietet Metallbau Uwe Albrecht pulverbeschichtete Oberfl\u00e4chen an und welche Farben sind verf\u00fcgbar?<span class=\"toggle_icon\"><span class=\"vert_icon\"><\/span><span class=\"hor_icon\"><\/span><\/span><\/p><div id='toggle-id-3' aria-labelledby='toggle-toggle-id-3' role='region' class='toggle_wrap  av-title-above'  ><div class='toggle_content invers-color '  itemprop=\"text\" ><p>Ja, wir bieten pulverbeschichtete Oberfl\u00e4chen in allen g\u00e4ngigen Farben an. So k\u00f6nnen wir Ihre W\u00fcnsche hinsichtlich der Farbgestaltung individuell umsetzen.<\/p>\n<\/div><\/div><\/div><\/section>\n<section class='av_toggle_section av-ml7v4yx6-a04a6b38004d0bc811fbc46c17534d0b'  itemscope=\"itemscope\" itemtype=\"https:\/\/schema.org\/CreativeWork\" ><div role=\"tablist\" class=\"single_toggle\" data-tags=\"{Alle} \"  ><p id='toggle-toggle-id-4' data-fake-id='#toggle-id-4' class='toggler  av-title-above '  itemprop=\"headline\"  role='tab' tabindex='0' aria-controls='toggle-id-4' data-slide-speed=\"200\" data-title=\"Fertigt Metallbau Uwe Albrecht Edelstahl-Gel\u00e4nder f\u00fcr den Garten?\" data-title-open=\"\" data-aria_collapsed=\"Click to expand: Fertigt Metallbau Uwe Albrecht Edelstahl-Gel\u00e4nder f\u00fcr den Garten?\" data-aria_expanded=\"Click to collapse: Fertigt Metallbau Uwe Albrecht Edelstahl-Gel\u00e4nder f\u00fcr den Garten?\">Fertigt Metallbau Uwe Albrecht Edelstahl-Gel\u00e4nder f\u00fcr den Garten?<span class=\"toggle_icon\"><span class=\"vert_icon\"><\/span><span class=\"hor_icon\"><\/span><\/span><\/p><div id='toggle-id-4' aria-labelledby='toggle-toggle-id-4' role='region' class='toggle_wrap  av-title-above'  ><div class='toggle_content invers-color '  itemprop=\"text\" ><p>Ja, wir fertigen auch Edelstahl-Gel\u00e4nder f\u00fcr den Gartenbereich. Diese Gel\u00e4nder sind robust, pflegeleicht und bieten eine moderne Optik, die sich perfekt in den Au\u00dfenbereich integrieren l\u00e4sst.<\/p>\n<\/div><\/div><\/div><\/section>\n<\/div><\/div><div  class='flex_column av-av_one_half-538dd737667e19053994a94b9156413b av_one_half  avia-builder-el-5  el_after_av_one_half  avia-builder-el-last  flex_column_div  column-top-margin'     ><style type=\"text\/css\" data-created_by=\"avia_inline_auto\" id=\"style-css-av-ml7vbhhj-5d31c8263e012a845f73511d47edf7c8\">\n#top .togglecontainer.av-ml7vbhhj-5d31c8263e012a845f73511d47edf7c8 p.toggler .toggle_icon{\ncolor:#b60738;\nborder-color:#b60738;\n}\n#top .togglecontainer.av-ml7vbhhj-5d31c8263e012a845f73511d47edf7c8 p.toggler .toggle_icon > span{\ncolor:#b60738;\nborder-color:#b60738;\n}\n<\/style>\n<div  class='togglecontainer av-ml7vbhhj-5d31c8263e012a845f73511d47edf7c8 av-elegant-toggle  avia-builder-el-6  avia-builder-el-no-sibling  toggle_close_all' >\n<section class='av_toggle_section av-ml7v6hcj-76631142c401abac2b32e98376206def'  itemscope=\"itemscope\" itemtype=\"https:\/\/schema.org\/CreativeWork\" ><div role=\"tablist\" class=\"single_toggle\" data-tags=\"{Alle} \"  ><p id='toggle-toggle-id-5' data-fake-id='#toggle-id-5' class='toggler  av-title-above '  itemprop=\"headline\"  role='tab' tabindex='0' aria-controls='toggle-id-5' data-slide-speed=\"200\" data-title=\"Bietet Metallbau Uwe Albrecht auch Dienstleistungen f\u00fcr Denkmalschutz-Projekte an?\" data-title-open=\"\" data-aria_collapsed=\"Click to expand: Bietet Metallbau Uwe Albrecht auch Dienstleistungen f\u00fcr Denkmalschutz-Projekte an?\" data-aria_expanded=\"Click to collapse: Bietet Metallbau Uwe Albrecht auch Dienstleistungen f\u00fcr Denkmalschutz-Projekte an?\">Bietet Metallbau Uwe Albrecht auch Dienstleistungen f\u00fcr Denkmalschutz-Projekte an?<span class=\"toggle_icon\"><span class=\"vert_icon\"><\/span><span class=\"hor_icon\"><\/span><\/span><\/p><div id='toggle-id-5' aria-labelledby='toggle-toggle-id-5' role='region' class='toggle_wrap  av-title-above'  ><div class='toggle_content invers-color '  itemprop=\"text\" ><p>Aktuell sind uns keine spezifischen Informationen zu Denkmalschutz-Projekten bekannt. Gerne k\u00f6nnen Sie uns direkt kontaktieren, um zu erfahren, ob wir solche Projekte unterst\u00fctzen.<\/p>\n<\/div><\/div><\/div><\/section>\n<section class='av_toggle_section av-ml7v6oa0-e21af7b79a87fd8d98815b6aefa6de1a'  itemscope=\"itemscope\" itemtype=\"https:\/\/schema.org\/CreativeWork\" ><div role=\"tablist\" class=\"single_toggle\" data-tags=\"{Alle} \"  ><p id='toggle-toggle-id-6' data-fake-id='#toggle-id-6' class='toggler  av-title-above '  itemprop=\"headline\"  role='tab' tabindex='0' aria-controls='toggle-id-6' data-slide-speed=\"200\" data-title=\"Welche Designs f\u00fcr Sichtschutz-Z\u00e4une bietet Metallbau Uwe Albrecht an?\" data-title-open=\"\" data-aria_collapsed=\"Click to expand: Welche Designs f\u00fcr Sichtschutz-Z\u00e4une bietet Metallbau Uwe Albrecht an?\" data-aria_expanded=\"Click to collapse: Welche Designs f\u00fcr Sichtschutz-Z\u00e4une bietet Metallbau Uwe Albrecht an?\">Welche Designs f\u00fcr Sichtschutz-Z\u00e4une bietet Metallbau Uwe Albrecht an?<span class=\"toggle_icon\"><span class=\"vert_icon\"><\/span><span class=\"hor_icon\"><\/span><\/span><\/p><div id='toggle-id-6' aria-labelledby='toggle-toggle-id-6' role='region' class='toggle_wrap  av-title-above'  ><div class='toggle_content invers-color '  itemprop=\"text\" ><p>Wir bieten verschiedene Designm\u00f6glichkeiten f\u00fcr Sichtschutz-Z\u00e4une an, darunter moderne Lamellenz\u00e4une, Z\u00e4une mit dekorativen Mustern sowie Kombinationen mit Holz- oder Glaselementen.<\/p>\n<\/div><\/div><\/div><\/section>\n<section class='av_toggle_section av-ml7v9awf-05b4198998b1c3c99e9219889c5fe02f'  itemscope=\"itemscope\" itemtype=\"https:\/\/schema.org\/CreativeWork\" ><div role=\"tablist\" class=\"single_toggle\" data-tags=\"{Alle} \"  ><p id='toggle-toggle-id-7' data-fake-id='#toggle-id-7' class='toggler  av-title-above '  itemprop=\"headline\"  role='tab' tabindex='0' aria-controls='toggle-id-7' data-slide-speed=\"200\" data-title=\"Bietet Metallbau Uwe Albrecht motorisierte Einfahrtstore an?\" data-title-open=\"\" data-aria_collapsed=\"Click to expand: Bietet Metallbau Uwe Albrecht motorisierte Einfahrtstore an?\" data-aria_expanded=\"Click to collapse: Bietet Metallbau Uwe Albrecht motorisierte Einfahrtstore an?\">Bietet Metallbau Uwe Albrecht motorisierte Einfahrtstore an?<span class=\"toggle_icon\"><span class=\"vert_icon\"><\/span><span class=\"hor_icon\"><\/span><\/span><\/p><div id='toggle-id-7' aria-labelledby='toggle-toggle-id-7' role='region' class='toggle_wrap  av-title-above'  ><div class='toggle_content invers-color '  itemprop=\"text\" ><p>Ja, wir bieten ma\u00dfgeschneiderte motorisierte Einfahrtstore an, die auch mit einer Funksteuerung ausgestattet werden k\u00f6nnen.<\/p>\n<\/div><\/div><\/div><\/section>\n<section class='av_toggle_section av-ml7v9iuj-b35dd218138f86d5266c89b64bf038aa'  itemscope=\"itemscope\" itemtype=\"https:\/\/schema.org\/CreativeWork\" ><div role=\"tablist\" class=\"single_toggle\" data-tags=\"{Alle} \"  ><p id='toggle-toggle-id-8' data-fake-id='#toggle-id-8' class='toggler  av-title-above '  itemprop=\"headline\"  role='tab' tabindex='0' aria-controls='toggle-id-8' data-slide-speed=\"200\" data-title=\"Wie schnell werden Reparaturen an Toren und Schl\u00f6ssern durchgef\u00fchrt?\" data-title-open=\"\" data-aria_collapsed=\"Click to expand: Wie schnell werden Reparaturen an Toren und Schl\u00f6ssern durchgef\u00fchrt?\" data-aria_expanded=\"Click to collapse: Wie schnell werden Reparaturen an Toren und Schl\u00f6ssern durchgef\u00fchrt?\">Wie schnell werden Reparaturen an Toren und Schl\u00f6ssern durchgef\u00fchrt?<span class=\"toggle_icon\"><span class=\"vert_icon\"><\/span><span class=\"hor_icon\"><\/span><\/span><\/p><div id='toggle-id-8' aria-labelledby='toggle-toggle-id-8' role='region' class='toggle_wrap  av-title-above'  ><div class='toggle_content invers-color '  itemprop=\"text\" ><p>Die Reparaturzeit h\u00e4ngt von der Art des Problems und der aktuellen Auftragslage ab. F\u00fcr genauere Informationen zu Reparaturzeiten und Terminvereinbarungen empfehlen wir, direkt mit uns Kontakt aufzunehmen.<\/p>\n<\/div><\/div><\/div><\/section>\n<section class='av_toggle_section av-ml7v9qod-b8263ade24e64d2fc232f2c63a4b0619'  itemscope=\"itemscope\" itemtype=\"https:\/\/schema.org\/CreativeWork\" ><div role=\"tablist\" class=\"single_toggle\" data-tags=\"{Alle} \"  ><p id='toggle-toggle-id-9' data-fake-id='#toggle-id-9' class='toggler  av-title-above '  itemprop=\"headline\"  role='tab' tabindex='0' aria-controls='toggle-id-9' data-slide-speed=\"200\" data-title=\"Bietet Metallbau Uwe Albrecht individuelle Beratung und Planung f\u00fcr Projekte an?\" data-title-open=\"\" data-aria_collapsed=\"Click to expand: Bietet Metallbau Uwe Albrecht individuelle Beratung und Planung f\u00fcr Projekte an?\" data-aria_expanded=\"Click to collapse: Bietet Metallbau Uwe Albrecht individuelle Beratung und Planung f\u00fcr Projekte an?\">Bietet Metallbau Uwe Albrecht individuelle Beratung und Planung f\u00fcr Projekte an?<span class=\"toggle_icon\"><span class=\"vert_icon\"><\/span><span class=\"hor_icon\"><\/span><\/span><\/p><div id='toggle-id-9' aria-labelledby='toggle-toggle-id-9' role='region' class='toggle_wrap  av-title-above'  ><div class='toggle_content invers-color '  itemprop=\"text\" ><p>Ja, wir bieten eine umfassende individuelle Beratung, um Ihre W\u00fcnsche und Anforderungen genau zu verstehen. Nach der Beratung erstellen wir einen Plan und unterbreiten Ihnen ein Angebot, das die Kosten und den Zeitrahmen umfasst.<\/p>\n<\/div><\/div><\/div><\/section>\n<\/div><\/div>\n","protected":false},"excerpt":{"rendered":"","protected":false},"author":1,"featured_media":0,"parent":0,"menu_order":0,"comment_status":"closed","ping_status":"closed","template":"","meta":{"footnotes":""},"class_list":["post-1001","page","type-page","status-publish","hentry"],"_links":{"self":[{"href":"https:\/\/metallbau-uwe-albrecht.de\/blog\/wp-json\/wp\/v2\/pages\/1001","targetHints":{"allow":["GET"]}}],"collection":[{"href":"https:\/\/metallbau-uwe-albrecht.de\/blog\/wp-json\/wp\/v2\/pages"}],"about":[{"href":"https:\/\/metallbau-uwe-albrecht.de\/blog\/wp-json\/wp\/v2\/types\/page"}],"author":[{"embeddable":true,"href":"https:\/\/metallbau-uwe-albrecht.de\/blog\/wp-json\/wp\/v2\/users\/1"}],"replies":[{"embeddable":true,"href":"https:\/\/metallbau-uwe-albrecht.de\/blog\/wp-json\/wp\/v2\/comments?post=1001"}],"version-history":[{"count":1,"href":"https:\/\/metallbau-uwe-albrecht.de\/blog\/wp-json\/wp\/v2\/pages\/1001\/revisions"}],"predecessor-version":[{"id":1003,"href":"https:\/\/metallbau-uwe-albrecht.de\/blog\/wp-json\/wp\/v2\/pages\/1001\/revisions\/1003"}],"wp:attachment":[{"href":"https:\/\/metallbau-uwe-albrecht.de\/blog\/wp-json\/wp\/v2\/media?parent=1001"}],"curies":[{"name":"wp","href":"https:\/\/api.w.org\/{rel}","templated":true}]}}